{"id":4557,"date":"2015-06-24T07:03:31","date_gmt":"2015-06-24T07:03:31","guid":{"rendered":"http:\/\/localhost\/paradise\/?page_id=4557"},"modified":"2024-12-04T14:00:40","modified_gmt":"2024-12-04T14:00:40","slug":"home-market-2","status":"publish","type":"page","link":"https:\/\/www.gasthaus-hofbauer.at\/","title":{"rendered":"START"},"content":{"rendered":"<p>[vc_row isfullwidth=&#8220;0&#8243;][vc_column][rev_slider_vc alias=&#8220;slide01&#8243;][\/vc_column][\/vc_row][vc_row full_width=&#8220;stretch_row_content_no_spaces&#8220; isfullwidth=&#8220;0&#8243; css=&#8220;.vc_custom_1466678364458{padding-right: 25px !important;padding-left: 25px !important;}&#8220;][vc_column width=&#8220;1\/4&#8243; css=&#8220;.vc_custom_1466738660689{margin-top: 20px !important;margin-right: -5px !important;margin-bottom: 20px !important;margin-left: -5px !important;padding-right: 0px !important;padding-left: 0px !important;background-image: url(http:\/\/www.gasthaus-hofbauer.at\/wp-content\/uploads\/2015\/06\/experience-01.jpg?id=9046) !important;background-position: center !important;background-repeat: no-repeat !important;background-size: cover !important;}&#8220;][vc_cta h2=&#8220;K\u00fcche&#8220; h2_font_container=&#8220;font_size:40px|color:%23ffffff|line_height:40px&#8220; h2_google_fonts=&#8220;font_family:Playfair%20Display%3Aregular%2Citalic%2C700%2C700italic%2C900%2C900italic|font_style:700%20bold%20regular%3A700%3Anormal&#8220; h4=&#8220;GUTB\u00dcRGERLICHES&#8220; h4_font_container=&#8220;font_size:14px|color:%23ed145b|line_height:1&#8243; h4_google_fonts=&#8220;font_family:Lato%3A100%2C100italic%2C300%2C300italic%2Cregular%2Citalic%2C700%2C700italic%2C900%2C900italic|font_style:400%20regular%3A400%3Anormal&#8220; shape=&#8220;square&#8220; style=&#8220;flat&#8220; color=&#8220;white&#8220; add_button=&#8220;bottom&#8220; btn_title=&#8220;MEHR ERFAHREN&#8220; btn_style=&#8220;outline-custom&#8220; btn_outline_custom_color=&#8220;#ffffff&#8220; btn_outline_custom_hover_background=&#8220;rgba(255,255,255,0.01)&#8220; btn_outline_custom_hover_text=&#8220;#c29b73&#8243; btn_shape=&#8220;square&#8220; btn_i_icon_fontawesome=&#8220;fa fa-caret-right&#8220; btn_link=&#8220;url:http%3A%2F%2Fwww.gasthaus-hofbauer.at%2F%3Fpage_id%3D9368|||&#8220; use_custom_fonts_h2=&#8220;true&#8220; use_custom_fonts_h4=&#8220;true&#8220; btn_add_icon=&#8220;true&#8220; btn_custom_onclick=&#8220;true&#8220;]<\/p>\n<div><em>Gutb\u00fcrgerliche K\u00fcche und saisonale Highlights erfreuen den Gaumen<br \/>\n<\/em><\/div>\n<div>Lassen Sie sich \u00fcberraschen. Tipp: Die j\u00e4hrlichen Wildtage sind ein kulinarisches Highlight.<\/div>\n<p>[\/vc_cta][\/vc_column][vc_column width=&#8220;1\/4&#8243; css=&#8220;.vc_custom_1495788792759{margin-top: 20px !important;margin-right: -5px !important;margin-bottom: 20px !important;margin-left: -5px !important;padding-right: 0px !important;padding-left: 0px !important;background-image: url(http:\/\/www.gasthaus-hofbauer.at\/wp-content\/uploads\/2015\/06\/admin-ajax_7.jpg?id=10514) !important;background-position: center !important;background-repeat: no-repeat !important;background-size: cover !important;}&#8220;][vc_cta h2=&#8220;Erholung&#8220; h2_font_container=&#8220;font_size:40px|color:%23ffffff|line_height:40px&#8220; h2_google_fonts=&#8220;font_family:Playfair%20Display%3Aregular%2Citalic%2C700%2C700italic%2C900%2C900italic|font_style:700%20bold%20regular%3A700%3Anormal&#8220; h4=&#8220;WANDERPARADIES&#8220; h4_font_container=&#8220;font_size:14px|color:%233ab54a|line_height:1&#8243; h4_google_fonts=&#8220;font_family:Lato%3A100%2C100italic%2C300%2C300italic%2Cregular%2Citalic%2C700%2C700italic%2C900%2C900italic|font_style:400%20regular%3A400%3Anormal&#8220; shape=&#8220;square&#8220; style=&#8220;flat&#8220; color=&#8220;white&#8220; add_button=&#8220;bottom&#8220; btn_title=&#8220;MEHR ERFAHREN&#8220; btn_style=&#8220;outline-custom&#8220; btn_outline_custom_color=&#8220;#ffffff&#8220; btn_outline_custom_hover_background=&#8220;rgba(255,255,255,0.01)&#8220; btn_outline_custom_hover_text=&#8220;#c29b73&#8243; btn_shape=&#8220;square&#8220; btn_i_icon_fontawesome=&#8220;fa fa-caret-right&#8220; btn_link=&#8220;url:http%3A%2F%2Fwww.gasthaus-hofbauer.at%2F%3Fpage_id%3D9221|||&#8220; use_custom_fonts_h2=&#8220;true&#8220; use_custom_fonts_h4=&#8220;true&#8220; btn_add_icon=&#8220;true&#8220; btn_custom_onclick=&#8220;true&#8220;]<\/p>\n<div><em>Das Wandern ist<br \/>\nnicht nur des M\u00fcller&#8217;s Lust<br \/>\n<\/em><\/div>\n<div>Das nahe Naturschutzgebiet und der beruhigende Weilhartsforst\u00a0 bieten tolle Wanderstrecken.<\/div>\n<p>[\/vc_cta][\/vc_column][vc_column width=&#8220;1\/4&#8243; css=&#8220;.vc_custom_1495788885790{margin-top: 20px !important;margin-right: -5px !important;margin-bottom: 20px !important;margin-left: -5px !important;padding-right: 0px !important;padding-left: 0px !important;background-image: url(http:\/\/www.gasthaus-hofbauer.at\/wp-content\/uploads\/2015\/06\/admin-ajax_6.jpg?id=10516) !important;background-position: center !important;background-repeat: no-repeat !important;background-size: cover !important;}&#8220;][vc_cta h2=&#8220;J\u00e4gerst\u00e4tter&#8220; h2_font_container=&#8220;font_size:40px|color:%23ffffff|line_height:40px&#8220; h2_google_fonts=&#8220;font_family:Playfair%20Display%3Aregular%2Citalic%2C700%2C700italic%2C900%2C900italic|font_style:700%20bold%20regular%3A700%3Anormal&#8220; h4=&#8220;PILGERST\u00c4TTE&#8220; h4_font_container=&#8220;font_size:14px|color:%23decc32|line_height:1&#8243; h4_google_fonts=&#8220;font_family:Lato%3A100%2C100italic%2C300%2C300italic%2Cregular%2Citalic%2C700%2C700italic%2C900%2C900italic|font_style:400%20regular%3A400%3Anormal&#8220; shape=&#8220;square&#8220; style=&#8220;flat&#8220; color=&#8220;white&#8220; add_button=&#8220;bottom&#8220; btn_title=&#8220;MEHR ERFAHREN&#8220; btn_style=&#8220;outline-custom&#8220; btn_outline_custom_color=&#8220;#ffffff&#8220; btn_outline_custom_hover_background=&#8220;rgba(255,255,255,0.01)&#8220; btn_outline_custom_hover_text=&#8220;#c29b73&#8243; btn_shape=&#8220;square&#8220; btn_i_icon_fontawesome=&#8220;fa fa-caret-right&#8220; btn_link=&#8220;url:http%3A%2F%2Fwww.gasthaus-hofbauer.at%2F%3Fpage_id%3D9291|||&#8220; use_custom_fonts_h2=&#8220;true&#8220; use_custom_fonts_h4=&#8220;true&#8220; btn_add_icon=&#8220;true&#8220; btn_custom_onclick=&#8220;true&#8220;]<\/p>\n<div><em>Pilgern zum Grab des Radegunder Kriegsdienst Verweigerers<br \/>\n<\/em><\/div>\n<div>Jahr f\u00fcr Jahr besuchen viele Pilger das Grab des seelig des 2007 gesprochenen Radegunders.<\/div>\n<p>[\/vc_cta][\/vc_column][vc_column width=&#8220;1\/4&#8243; css=&#8220;.vc_custom_1495788617232{margin-top: 20px !important;margin-right: -5px !important;margin-bottom: 20px !important;margin-left: -5px !important;padding-right: 0px !important;padding-left: 0px !important;background-image: url(http:\/\/www.gasthaus-hofbauer.at\/wp-content\/uploads\/2015\/06\/admin-ajax_5.jpg?id=10512) !important;background-position: center !important;background-repeat: no-repeat !important;background-size: cover !important;}&#8220;][vc_cta h2=&#8220;Ausfl\u00fcge&#8220; h2_font_container=&#8220;font_size:40px|color:%23ffffff|line_height:40px&#8220; h2_google_fonts=&#8220;font_family:Playfair%20Display%3Aregular%2Citalic%2C700%2C700italic%2C900%2C900italic|font_style:700%20bold%20regular%3A700%3Anormal&#8220; h4=&#8220;HISTORISCHE ST\u00c4DTE&#8220; h4_font_container=&#8220;font_size:14px|color:%235ca7a8|line_height:1&#8243; h4_google_fonts=&#8220;font_family:Lato%3A100%2C100italic%2C300%2C300italic%2Cregular%2Citalic%2C700%2C700italic%2C900%2C900italic|font_style:400%20regular%3A400%3Anormal&#8220; shape=&#8220;square&#8220; style=&#8220;flat&#8220; color=&#8220;white&#8220; add_button=&#8220;bottom&#8220; btn_title=&#8220;MEHR ERFAHREN&#8220; btn_style=&#8220;outline-custom&#8220; btn_outline_custom_color=&#8220;#ffffff&#8220; btn_outline_custom_hover_background=&#8220;rgba(255,255,255,0.01)&#8220; btn_outline_custom_hover_text=&#8220;#c29b73&#8243; btn_shape=&#8220;square&#8220; btn_i_icon_fontawesome=&#8220;fa fa-caret-right&#8220; btn_link=&#8220;url:http%3A%2F%2Fwww.gasthaus-hofbauer.at%2F%3Fpage_id%3D9291|||&#8220; use_custom_fonts_h2=&#8220;true&#8220; use_custom_fonts_h4=&#8220;true&#8220; btn_add_icon=&#8220;true&#8220; btn_custom_onclick=&#8220;true&#8220;]<\/p>\n<div><em>Romantische St\u00e4dtchen begeistern mit tollen Sehensw\u00fcrdigkeiten<\/em><\/div>\n<div>Ausfl\u00fcge in die nahen historischen St\u00e4dte Burghausen, Tittmoning oder Salzburg bieten sich an.<\/div>\n<p>[\/vc_cta][\/vc_column][\/vc_row][vc_row css=&#8220;.vc_custom_1466733193958{background: #f9f9f9 url(http:\/\/www.gasthaus-hofbauer.at\/wp-content\/uploads\/2015\/06\/flower-bg.jpg?id=9580) !important;background-position: center !important;background-repeat: no-repeat !important;background-size: cover !important;}&#8220;][vc_column css=&#8220;.vc_custom_1498060326620{padding-top: 120px !important;padding-bottom: 20px !important;}&#8220;][pbr_title_heading title=&#8220;Willkommen in <em>&#8222;Rodegon&#8222;<\/em>&#8220; descript=&#8220;Heimat von Franz J\u00e4gerst\u00e4tter&#8220;][vc_cta h2=&#8220;Das Gasthaus Hofbauer \u00fcberzeugt mit \u00f6sterreichischen Spezialit\u00e4ten, gutb\u00fcrgerlicher K\u00fcche und erlesenen Weinen. Im Sommer l\u00e4dt der schattige Gastgarten zum Verweilen ein. F\u00fcr einen l\u00e4ngeren Aufenthalt unserer G\u00e4ste stehen verschiedene G\u00e4stezimmer zur Verf\u00fcgung. Auch Gruppen sind herzlich Willkommen (um Anmeldung wird gebeten)!&#8220; h2_font_container=&#8220;font_size:16px|color:%23666666|line_height:30px&#8220; h2_google_fonts=&#8220;font_family:Lato%3A100%2C100italic%2C300%2C300italic%2Cregular%2Citalic%2C700%2C700italic%2C900%2C900italic|font_style:400%20regular%3A400%3Anormal&#8220; h4=&#8220;Egal ob Wanderer, Radfahrer, Familien oder Pilger zum seligen Franz J\u00e4gerst\u00e4tter &#8211; in unserem traditionellen Gasthaus ist JEDER willkommen!&#8220; h4_font_container=&#8220;font_size:18px|color:%23040836|line_height:34px&#8220; h4_google_fonts=&#8220;font_family:Playfair%20Display%3Aregular%2Citalic%2C700%2C700italic%2C900%2C900italic|font_style:400%20italic%3A400%3Aitalic&#8220; shape=&#8220;square&#8220; style=&#8220;custom&#8220; use_custom_fonts_h2=&#8220;true&#8220; el_class=&#8220;text-center&#8220; css=&#8220;.vc_custom_1495876002316{padding-top: 20px !important;padding-right: 20% !important;padding-left: 20% !important;}&#8220; custom_background=&#8220;rgba(255,255,255,0.01)&#8220; h2_el_class=&#8220;text-center&#8220; use_custom_fonts_h4=&#8220;true&#8220; h4_el_class=&#8220;text-center&#8220;]<\/p>\n<h4 class=\"text-center space-margin-top-40p\"><a href=\"http:\/\/www.gasthaus-hofbauer.at\/?page_id=9368\"><strong>Mehr erfahren<\/strong><\/a><\/h4>\n<p>[\/vc_cta][\/vc_column][\/vc_row][vc_row css=&#8220;.vc_custom_1498149987341{padding-top: 120px !important;padding-bottom: 80px !important;background: #ddc990 url(http:\/\/www.gasthaus-hofbauer.at\/wp-content\/uploads\/2015\/06\/IMG_0703_2.jpg?id=10813) !important;background-position: center !important;background-repeat: no-repeat !important;background-size: cover !important;}&#8220;][vc_column css=&#8220;.vc_custom_1498129766539{padding-top: 0px !important;}&#8220;][vc_row_inner][vc_column_inner][pbr_title_heading title=&#8220;Warum Sie uns besuchen sollten&#8220; descript=&#8220;Ihre Vorteile&#8220;][\/vc_column_inner][\/vc_row_inner][vc_row_inner css=&#8220;.vc_custom_1498060662461{padding-top: 0px !important;}&#8220;][vc_column_inner width=&#8220;1\/4&#8243;][vc_cta h2=&#8220;Naturgesch\u00fctze Aulandschaften und W\u00e4lder laden ein zum Wandern &#8220; h2_font_container=&#8220;font_size:16px|color:%23666666|line_height:30px&#8220; h2_google_fonts=&#8220;font_family:Lato%3A100%2C100italic%2C300%2C300italic%2Cregular%2Citalic%2C700%2C700italic%2C900%2C900italic|font_style:400%20regular%3A400%3Anormal&#8220; h4=&#8220;Unber\u00fchrte Natur&#8220; h4_font_container=&#8220;font_size:20px|color:%23c29b73|line_height:1&#8243; h4_google_fonts=&#8220;font_family:Playfair%20Display%3Aregular%2Citalic%2C700%2C700italic%2C900%2C900italic|font_style:700%20bold%20regular%3A700%3Anormal&#8220; txt_align=&#8220;center&#8220; shape=&#8220;square&#8220; style=&#8220;custom&#8220; add_icon=&#8220;top&#8220; i_type=&#8220;monosocial&#8220; i_icon_monosocial=&#8220;vc-mono vc-mono-aol&#8220; i_color=&#8220;custom&#8220; custom_background=&#8220;rgba(255,255,255,0.01)&#8220; i_on_border=&#8220;true&#8220; use_custom_fonts_h2=&#8220;true&#8220; css=&#8220;.vc_custom_1498129492344{margin-bottom: 0px !important;}&#8220; use_custom_fonts_h4=&#8220;true&#8220; i_custom_color=&#8220;#c29b73&#8243;][\/vc_cta][\/vc_column_inner][vc_column_inner width=&#8220;1\/4&#8243;][vc_cta h2=&#8220;Im Sommer unter altehrw\u00fcrdigen Kastanien entspannen&#8220; h2_font_container=&#8220;font_size:16px|color:%23666666|line_height:30px&#8220; h2_google_fonts=&#8220;font_family:Lato%3A100%2C100italic%2C300%2C300italic%2Cregular%2Citalic%2C700%2C700italic%2C900%2C900italic|font_style:400%20regular%3A400%3Anormal&#8220; h4=&#8220;Schattiger Gastgarten&#8220; h4_font_container=&#8220;font_size:20px|color:%23c29b73|line_height:1&#8243; h4_google_fonts=&#8220;font_family:Playfair%20Display%3Aregular%2Citalic%2C700%2C700italic%2C900%2C900italic|font_style:700%20bold%20regular%3A700%3Anormal&#8220; txt_align=&#8220;center&#8220; shape=&#8220;square&#8220; style=&#8220;custom&#8220; add_icon=&#8220;top&#8220; i_icon_fontawesome=&#8220;fa fa-beer&#8220; i_color=&#8220;custom&#8220; i_custom_color=&#8220;#c29b73&#8243; custom_background=&#8220;rgba(255,255,255,0.01)&#8220; i_on_border=&#8220;true&#8220; use_custom_fonts_h2=&#8220;true&#8220; css=&#8220;.vc_custom_1498129524788{margin-bottom: 0px !important;}&#8220; use_custom_fonts_h4=&#8220;true&#8220;][\/vc_cta][\/vc_column_inner][vc_column_inner width=&#8220;1\/4&#8243;][vc_cta h2=&#8220;Neue Zimmer bieten modernes und authentisches Ambiente&#8220; h2_font_container=&#8220;font_size:16px|color:%23666666|line_height:30px&#8220; h2_google_fonts=&#8220;font_family:Lato%3A100%2C100italic%2C300%2C300italic%2Cregular%2Citalic%2C700%2C700italic%2C900%2C900italic|font_style:400%20regular%3A400%3Anormal&#8220; h4=&#8220;Moderne Ausstattung&#8220; h4_font_container=&#8220;font_size:20px|color:%23c29b73|line_height:1&#8243; h4_google_fonts=&#8220;font_family:Playfair%20Display%3Aregular%2Citalic%2C700%2C700italic%2C900%2C900italic|font_style:700%20bold%20regular%3A700%3Anormal&#8220; txt_align=&#8220;center&#8220; shape=&#8220;square&#8220; style=&#8220;custom&#8220; add_icon=&#8220;top&#8220; i_icon_fontawesome=&#8220;fa fa-desktop&#8220; i_color=&#8220;custom&#8220; i_custom_color=&#8220;#c29b73&#8243; custom_background=&#8220;rgba(255,255,255,0.01)&#8220; i_on_border=&#8220;true&#8220; use_custom_fonts_h2=&#8220;true&#8220; css=&#8220;.vc_custom_1498129534256{margin-bottom: 0px !important;}&#8220; use_custom_fonts_h4=&#8220;true&#8220;][\/vc_cta][\/vc_column_inner][vc_column_inner width=&#8220;1\/4&#8243;][vc_cta h2=&#8220;Voller WLAN Zugang zu unserem leistungsstarken Glasfaseranschluss &#8220; h2_font_container=&#8220;font_size:16px|color:%23666666|line_height:30px&#8220; h2_google_fonts=&#8220;font_family:Lato%3A100%2C100italic%2C300%2C300italic%2Cregular%2Citalic%2C700%2C700italic%2C900%2C900italic|font_style:400%20regular%3A400%3Anormal&#8220; h4=&#8220;Freies WLAN&#8220; h4_font_container=&#8220;font_size:20px|color:%23c29b73|line_height:1&#8243; h4_google_fonts=&#8220;font_family:Playfair%20Display%3Aregular%2Citalic%2C700%2C700italic%2C900%2C900italic|font_style:700%20bold%20regular%3A700%3Anormal&#8220; txt_align=&#8220;center&#8220; shape=&#8220;square&#8220; style=&#8220;custom&#8220; add_icon=&#8220;top&#8220; i_icon_fontawesome=&#8220;fa fa-wifi&#8220; i_color=&#8220;custom&#8220; i_custom_color=&#8220;#c29b73&#8243; custom_background=&#8220;rgba(255,255,255,0.01)&#8220; i_on_border=&#8220;true&#8220; use_custom_fonts_h2=&#8220;true&#8220; use_custom_fonts_h4=&#8220;true&#8220;][\/vc_cta][\/vc_column_inner][\/vc_row_inner][\/vc_column][\/vc_row][vc_row css=&#8220;.vc_custom_1498129415769{padding-bottom: 50px !important;background-color: rgba(255,255,255,0.5) !important;*background-color: rgb(255,255,255) !important;}&#8220;][vc_column css=&#8220;.vc_custom_1498130434062{padding-top: 20px !important;}&#8220;][vc_column_text]<\/p>\n<h3 style=\"text-align: center;\"><strong><span style=\"color: #c5a07a;\">Unser Gasthaus verf\u00fcgt \u00fcber zwei Gaststuben sowie zwei S\u00e4le.<\/span><\/strong><br \/>\n<strong><span style=\"color: #c5a07a;\">Sie haben etwas zu Feiern? Wenden Sie sich an uns!<\/span><\/strong><\/h3>\n<p>&nbsp;<\/p>\n<p style=\"text-align: center;\"><strong><a href=\"mailto:heinrich.hofbauer1@aon.at\">heinrich.hofbauer1@aon.at<\/a><\/strong>\u00a0|\u00a0+43 (0) 6278 8172<\/p>\n<p style=\"text-align: center;\"><strong><span style=\"color: #c5a07a;\">Wir unterst\u00fctzen Sie gerne bei der Umsetzung einer gelungenen Feier in unserem Gasthaus.<\/span><\/strong><br \/>\n<strong><span style=\"color: #c5a07a;\">Dar\u00fcber hinaus stehen 9 modern ausgestattete G\u00e4stezimmer zur Verf\u00fcgung.<\/span><\/strong><\/p>\n<p>[\/vc_column_text][\/vc_column][\/vc_row][vc_row css=&#8220;.vc_custom_1498129067862{padding-top: -800px !important;padding-bottom: 100px !important;}&#8220;][vc_column width=&#8220;1\/3&#8243;][pbr_counter title=&#8220;G\u00e4stezimmer&#8220; number=&#8220;9&#8243;][\/vc_column][vc_column width=&#8220;1\/3&#8243;][pbr_counter title=&#8220;S\u00e4le&#8220; number=&#8220;02&#8243;][\/vc_column][vc_column width=&#8220;1\/3&#8243;][pbr_counter title=&#8220;Gaststuben&#8220; number=&#8220;02&#8243;][\/vc_column][\/vc_row][vc_row css=&#8220;.vc_custom_1468640129598{background-image: url(http:\/\/www.gasthaus-hofbauer.at\/wp-content\/uploads\/2015\/06\/background-013.jpg?id=9765) !important;background-position: 0 0 !important;background-repeat: repeat !important;}&#8220;][vc_column css=&#8220;.vc_custom_1495877089059{padding-top: 60px !important;padding-bottom: 150px !important;}&#8220;][pbr_title_heading title=&#8220; G\u00e4stezimmer &#8211; Anfrage | Reservierung&#8220; descript=&#8220;Alle derzeit verf\u00fcgbaren Zimmer im \u00dcberblick&#8220;][opalhotel_overlap_rooms columns=&#8220;2&#8243; orderby=&#8220;random&#8220; number=&#8220;4&#8243; reservation_page=&#8220;opal-hotel-reservation&#8220; layout=&#8220;overlap&#8220;][vc_column_text]<\/p>\n<p style=\"text-align: center;\"><strong>Zum angegebenen Preis wird die f\u00fcr O\u00d6 geltende Ortstaxe (2,40 \u20ac) hinzugerechnet.<\/strong><\/p>\n<p style=\"text-align: center;\"><strong>Bitte beachten Sie, dass wir ab 01.10.2021 G\u00e4sten, die ihren Hund mitbringen, 5\u20ac f\u00fcr unseren zus\u00e4tzlichen Aufwand (Reinigung) verrechnen.<\/strong><\/p>\n<p>[\/vc_column_text][\/vc_column][\/vc_row][vc_row css=&#8220;.vc_custom_1483799485881{background-color: #ffffff !important;}&#8220;][vc_column][vc_column_text]<\/p>\n<h2 style=\"text-align: center;\">\u00d6FFNUNGSZEITEN<\/h2>\n<p style=\"text-align: center;\">Montag ab 18.00 Uhr<br \/>\nDienstag Ruhetag<br \/>\nMittwoch 11.30-14.00 Uhr und ab 18.00 Uhr<br \/>\nDonnerstag durchgehend ge\u00f6ffnet<br \/>\nFreitag Ruhetag<br \/>\nSamstag durchgehend ge\u00f6ffnet<br \/>\nSonntag durchgehend ge\u00f6ffnet<\/p>\n<p style=\"text-align: center;\"><strong><a href=\"http:\/\/www.gasthaus-hofbauer.at\/\"><br \/>\nHOME<\/a><\/strong><\/p>\n<p style=\"text-align: center;\"><strong><a href=\"http:\/\/www.gasthaus-hofbauer.at\/?page_id=9221\">\u00dcBER UNS<\/a><\/strong><\/p>\n<p style=\"text-align: center;\"><a href=\"http:\/\/www.gasthaus-hofbauer.at\/?page_id=10669\"><strong>GASTHAUS<\/strong><\/a><\/p>\n<p style=\"text-align: center;\"><strong><a href=\"http:\/\/www.gasthaus-hofbauer.at\/?page_id=5\">ZIMMER &amp; RESERVIERUNG<\/a><\/strong><\/p>\n<p style=\"text-align: center;\"><strong><a href=\"http:\/\/www.gasthaus-hofbauer.at\/?page_id=9368\">ESSEN &amp; TRINKEN<\/a><\/strong><\/p>\n<p style=\"text-align: center;\"><a href=\"http:\/\/www.gasthaus-hofbauer.at\/?page_id=9291\"><strong>LAND &amp; LEUTE<\/strong><\/a><\/p>\n<p style=\"text-align: center;\"><a href=\"http:\/\/www.gasthaus-hofbauer.at\/?page_id=4392\"><strong>\u00d6FFNUNGSZEITEN<\/strong><\/a><\/p>\n<p style=\"text-align: center;\"><strong><a href=\"http:\/\/www.gasthaus-hofbauer.at\/?page_id=24\">KONTAKT<\/a><\/strong><\/p>\n<p style=\"text-align: center;\"><strong><a href=\"http:\/\/www.gasthaus-hofbauer.at\/?page_id=8\">IMPRESSUM &amp; DATENSCHUTZ<\/a><\/strong><\/p>\n<p style=\"text-align: center;\"><strong><a href=\"mailto:heinrich.hofbauer1@aon.at\">heinrich.hofbauer1@aon.at<\/a><\/strong><\/p>\n<p style=\"text-align: center;\"><strong>\u00a0<\/strong><\/p>\n<p>[\/vc_column_text][\/vc_column][\/vc_row]<\/p>\n","protected":false},"excerpt":{"rendered":"<p>[vc_row isfullwidth=&#8220;0&#8243;][vc_column][rev_slider_vc alias=&#8220;slide01&#8243;][\/vc_column][\/vc_row][vc_row full_width=&#8220;stretch_row_content_no_spaces&#8220; isfullwidth=&#8220;0&#8243; css=&#8220;.vc_custom_1466678364458{padding-right: 25px !important;padding-left: 25px !important;}&#8220;][vc_column width=&#8220;1\/4&#8243; css=&#8220;.vc_custom_1466738660689{margin-top: 20px !important;margin-right: -5px !important;margin-bottom: 20px !important;margin-left: -5px !important;padding-right: 0px !important;padding-left: 0px !important;background-image: url(http:\/\/www.gasthaus-hofbauer.at\/wp-content\/uploads\/2015\/06\/experience-01.jpg?id=9046) !important;background-position: center !important;background-repeat: no-repeat !important;background-size: &hellip; <a href=\"https:\/\/www.gasthaus-hofbauer.at\/\" class=\"more-link\">Continue reading <span class=\"screen-reader-text\">START<\/span> <span class=\"meta-nav\">&rarr;<\/span><\/a><\/p>\n","protected":false},"author":1,"featured_media":0,"parent":0,"menu_order":0,"comment_status":"closed","ping_status":"closed","template":"","meta":{"footnotes":""},"class_list":["post-4557","page","type-page","status-publish","hentry"],"_links":{"self":[{"href":"https:\/\/www.gasthaus-hofbauer.at\/index.php?rest_route=\/wp\/v2\/pages\/4557"}],"collection":[{"href":"https:\/\/www.gasthaus-hofbauer.at\/index.php?rest_route=\/wp\/v2\/pages"}],"about":[{"href":"https:\/\/www.gasthaus-hofbauer.at\/index.php?rest_route=\/wp\/v2\/types\/page"}],"author":[{"embeddable":true,"href":"https:\/\/www.gasthaus-hofbauer.at\/index.php?rest_route=\/wp\/v2\/users\/1"}],"replies":[{"embeddable":true,"href":"https:\/\/www.gasthaus-hofbauer.at\/index.php?rest_route=%2Fwp%2Fv2%2Fcomments&post=4557"}],"version-history":[{"count":207,"href":"https:\/\/www.gasthaus-hofbauer.at\/index.php?rest_route=\/wp\/v2\/pages\/4557\/revisions"}],"predecessor-version":[{"id":10931,"href":"https:\/\/www.gasthaus-hofbauer.at\/index.php?rest_route=\/wp\/v2\/pages\/4557\/revisions\/10931"}],"wp:attachment":[{"href":"https:\/\/www.gasthaus-hofbauer.at\/index.php?rest_route=%2Fwp%2Fv2%2Fmedia&parent=4557"}],"curies":[{"name":"wp","href":"https:\/\/api.w.org\/{rel}","templated":true}]}}