{"id":5,"date":"2016-11-20T12:26:29","date_gmt":"2016-11-20T12:26:29","guid":{"rendered":"http:\/\/www.gasthaus-hofbauer.at\/?page_id=5"},"modified":"2025-07-09T05:38:20","modified_gmt":"2025-07-09T05:38:20","slug":"opal-hotel-reservation","status":"publish","type":"page","link":"https:\/\/www.gasthaus-hofbauer.at\/?page_id=5","title":{"rendered":"Zimmer &#038; Reservierung"},"content":{"rendered":"<p>[vc_row][vc_column][vc_empty_space height=&#8220;30px&#8220;][pbr_title_heading title=&#8220;Zimmer &amp; Reservierung&#8220; style=&#8220;style-2&#8243;][vc_empty_space height=&#8220;30px&#8220;][vc_custom_heading text=&#8220;Unsere G\u00e4stezimmer im \u00dcberblick.&#8220; font_container=&#8220;tag:h2|text_align:center&#8220;][vc_column_text]<\/p>\n<h4 class=\"vc_custom_heading\" style=\"text-align: center;\">Darunter finden Sie das Kontaktformular f\u00fcr Anfragen und Zimmerreservierungen.<\/h4>\n<p>[\/vc_column_text][vc_column_text]<\/p>\n<p style=\"text-align: center;\">Bitte beachten Sie, dass wir ab 01.10.2021 G\u00e4sten, die ihren Hund mitbringen, 5\u20ac f\u00fcr unseren zus\u00e4tzlichen Aufwand (Reinigung) verrechnen.<\/p>\n<p>[\/vc_column_text][\/vc_column][\/vc_row][vc_row css=&#8220;.vc_custom_1485102000684{margin-bottom: 20px !important;}&#8220;][vc_column width=&#8220;1\/2&#8243;][vc_empty_space height=&#8220;50px&#8220;][vc_column_text]<\/p>\n<h4><strong>Einzelzimmer<\/strong><\/h4>\n<p>Die modernen Einzelzimmer bieten ausreichend Platz<br \/>\nsowie eine zeitgem\u00e4\u00dfe Ausstattung wie zum l\u00e4ndlich<br \/>\ngepr\u00e4gten Gasthaus passendes Mobiliar.<br \/>\n<strong><br \/>\nPreis pro \u00dcbernachtung: 55,&#8211; \u20ac, inkl. Fr\u00fchst\u00fcck.<br \/>\nZum angegebenen Preis wird die f\u00fcr O\u00d6 geltende Ortstaxe (2,40 \u20ac) hinzugerechnet.<\/p>\n<p><\/strong><strong>Einzelnachtzuschlag 2,- p.P.<br \/>\n<\/strong>[\/vc_column_text][vc_gallery type=&#8220;flexslider_slide&#8220; interval=&#8220;5&#8243; images=&#8220;10757,10756,10758&#8243;][\/vc_column][vc_column width=&#8220;1\/2&#8243;][vc_empty_space height=&#8220;50px&#8220;][vc_column_text]<\/p>\n<h4><strong>Doppelzimmer<\/strong><\/h4>\n<p>Die modernen Doppelzimmer bieten viel Platz f\u00fcr 2 Erwachsene und zeitgem\u00e4\u00dfe Ausstattung. Gew\u00fcnschte Beistellbetten f\u00fcr Kinder bitte vorab bekannt geben.<br \/>\n<strong><br \/>\nPreis pro \u00dcbernachtung: 92,&#8211; \u20ac, inkl. Fr\u00fchst\u00fcck.<br \/>\nZum angegebenen Preis wird die f\u00fcr O\u00d6 geltende Ortstaxe (2,40 \u20ac) hinzugerechnet.<\/p>\n<p><\/strong><strong>Einzelnachtzuschlag 2,- p.P.<\/strong>[\/vc_column_text][vc_gallery type=&#8220;flexslider_slide&#8220; interval=&#8220;5&#8243; images=&#8220;10759,10760,10761&#8243;][\/vc_column][\/vc_row][vc_row css=&#8220;.vc_custom_1485102000684{margin-bottom: 20px !important;}&#8220;][vc_column width=&#8220;1\/4&#8243;][\/vc_column][vc_column width=&#8220;1\/2&#8243;][vc_empty_space height=&#8220;20px&#8220;][vc_column_text]<\/p>\n<h4><strong>Dreibettzimmer<\/strong><\/h4>\n<p>Das moderne Dreibettzimmer bietet viel Platz f\u00fcr 2 Erwachsene mit Kind sowie eine zeitgem\u00e4\u00dfe Ausstattung. Gew\u00fcnschte Beistellbetten f\u00fcr Kinder bitte vorab bekannt geben.<br \/>\n<strong><br \/>\nPreis pro \u00dcbernachtung: 110,&#8211; \u20ac ( 35,- p.P.), inkl. Fr\u00fchst\u00fcck.<br \/>\nZum angegebenen Preis wird die f\u00fcr O\u00d6 geltende Ortstaxe(2,40\u20ac) hinzugerechnet.<\/p>\n<p><\/strong><strong>Einzelnachtzuschlag 2,- p.P.<\/strong>[\/vc_column_text][vc_gallery type=&#8220;flexslider_slide&#8220; interval=&#8220;5&#8243; images=&#8220;10760,10761,10762,10763,10764&#8243;][\/vc_column][vc_column width=&#8220;1\/4&#8243;][\/vc_column][\/vc_row][vc_row css=&#8220;.vc_custom_1495881770350{background-color: #c5a07a !important;}&#8220;][vc_column][vc_empty_space height=&#8220;50px&#8220;]\n<div class=\"wpcf7 no-js\" id=\"wpcf7-f10593-o1\" lang=\"en-US\" dir=\"ltr\" data-wpcf7-id=\"10593\">\n<div class=\"screen-reader-response\"><p role=\"status\" aria-live=\"polite\" aria-atomic=\"true\"><\/p> <ul><\/ul><\/div>\n<form action=\"\/index.php?rest_route=%2Fwp%2Fv2%2Fpages%2F5#wpcf7-f10593-o1\" method=\"post\" class=\"wpcf7-form init\" aria-label=\"Contact form\" novalidate=\"novalidate\" data-status=\"init\">\n<div style=\"display: none;\">\n<input type=\"hidden\" name=\"_wpcf7\" value=\"10593\" \/>\n<input type=\"hidden\" name=\"_wpcf7_version\" value=\"6.0.6\" \/>\n<input type=\"hidden\" name=\"_wpcf7_locale\" value=\"en_US\" \/>\n<input type=\"hidden\" name=\"_wpcf7_unit_tag\" value=\"wpcf7-f10593-o1\" \/>\n<input type=\"hidden\" name=\"_wpcf7_container_post\" value=\"0\" \/>\n<input type=\"hidden\" name=\"_wpcf7_posted_data_hash\" value=\"\" \/>\n<\/div>\n<div class=\"contact-form-2\">\n\t<h4 class=\"form-title\">Wir freuen uns auf Ihre Anfrage!\n\t<\/h4>\n\t<div class=\"row\">\n\t\t<div class=\"col-lg-9 col-md-9 col-sm-12 col-xs-12\">\n\t\t\t<div class=\"form-group space-margin-bottom-20p\">\n\t\t\t\t<p><span class=\"wpcf7-form-control-wrap\" data-name=\"text-799\"><input size=\"40\" maxlength=\"400\" class=\"wpcf7-form-control wpcf7-text wpcf7-validates-as-required form-control\" id=\"your_name\" aria-required=\"true\" aria-invalid=\"false\" placeholder=\"Name*\" value=\"\" type=\"text\" name=\"text-799\" \/><\/span>\n\t\t\t\t<\/p>\n\t\t\t<\/div>\n\t\t<\/div>\n\t<\/div>\n\t<div class=\"row\">\n\t\t<div class=\"col-lg-9 col-md-9 col-sm-12 col-xs-12\">\n\t\t\t<div class=\"form-group space-margin-bottom-20p\">\n\t\t\t\t<p><span class=\"wpcf7-form-control-wrap\" data-name=\"email-257\"><input size=\"40\" maxlength=\"400\" class=\"wpcf7-form-control wpcf7-email wpcf7-validates-as-required wpcf7-text wpcf7-validates-as-email form-control\" id=\"your_email\" aria-required=\"true\" aria-invalid=\"false\" placeholder=\"Email*\" value=\"\" type=\"email\" name=\"email-257\" \/><\/span>\n\t\t\t\t<\/p>\n\t\t\t<\/div>\n\t\t<\/div>\n\t<\/div>\n\t<div class=\"form-group space-margin-bottom-20p\">\n\t\t<p><span class=\"wpcf7-form-control-wrap\" data-name=\"text-144\"><input size=\"40\" maxlength=\"400\" class=\"wpcf7-form-control wpcf7-text form-control\" id=\"contact_subject\" aria-invalid=\"false\" placeholder=\"Betreff-Subject\" value=\"\" type=\"text\" name=\"text-144\" \/><\/span>\n\t\t<\/p>\n\t<\/div>\n\t<div class=\"form-group space-margin-bottom-20p\">\n\t\t<p><span class=\"wpcf7-form-control-wrap\" data-name=\"textarea-552\"><textarea cols=\"40\" rows=\"5\" maxlength=\"2000\" class=\"wpcf7-form-control wpcf7-textarea form-control\" id=\"your_message\" aria-invalid=\"false\" placeholder=\"Nachricht-Message\" name=\"textarea-552\"><\/textarea><\/span>\n\t\t<\/p>\n\t<\/div>\n\t<div class=\"form-group\">\n\t\t<p><input class=\"wpcf7-form-control wpcf7-submit has-spinner btn btn-primary btn-md radius-0\" type=\"submit\" value=\"Send\" \/>\n\t\t<\/p>\n\t<\/div>\n<\/div><div class=\"wpcf7-response-output\" aria-hidden=\"true\"><\/div>\n<\/form>\n<\/div>\n[vc_empty_space height=&#8220;50px&#8220;][\/vc_column][\/vc_row][vc_row][vc_column][vc_empty_space height=&#8220;30px&#8220;][vc_custom_heading text=&#8220;&#8222;Die Welt ist ein Buch. Wer nie reist, sieht nur eine Seite davon.&#8222;<br \/>\nAurelius Augustinus &#8220; font_container=&#8220;tag:h2|font_size:36px|text_align:center&#8220; google_fonts=&#8220;font_family:Playfair%20Display%3Aregular%2Citalic%2C700%2C700italic%2C900%2C900italic|font_style:400%20italic%3A400%3Aitalic&#8220;][\/vc_column][\/vc_row][vc_row][vc_column][vc_column_text]<\/p>\n<p style=\"text-align: center;\"><strong><a href=\"http:\/\/www.gasthaus-hofbauer.at\/\">HOME<\/a><\/strong><\/p>\n<p style=\"text-align: center;\"><strong><a href=\"http:\/\/www.gasthaus-hofbauer.at\/?page_id=9221\">\u00dcBER UNS<\/a><\/strong><\/p>\n<p style=\"text-align: center;\"><a href=\"http:\/\/www.gasthaus-hofbauer.at\/?page_id=10669\"><strong>GASTHAUS<\/strong><\/a><\/p>\n<p style=\"text-align: center;\"><strong><a href=\"http:\/\/www.gasthaus-hofbauer.at\/?page_id=5\">ZIMMER &amp; RESERVIERUNG<\/a><\/strong><\/p>\n<p style=\"text-align: center;\"><strong><a href=\"http:\/\/www.gasthaus-hofbauer.at\/?page_id=9368\">ESSEN &amp; TRINKEN<\/a><\/strong><\/p>\n<p style=\"text-align: center;\"><a href=\"http:\/\/www.gasthaus-hofbauer.at\/?page_id=9291\"><strong>LAND &amp; LEUTE<\/strong><\/a><\/p>\n<p style=\"text-align: center;\"><a href=\"http:\/\/www.gasthaus-hofbauer.at\/?page_id=4392\"><strong>\u00d6FFNUNGSZEITEN<\/strong><\/a><\/p>\n<p style=\"text-align: center;\"><strong><a href=\"http:\/\/www.gasthaus-hofbauer.at\/?page_id=24\">KONTAKT<\/a><\/strong><\/p>\n<p style=\"text-align: center;\"><strong><a href=\"http:\/\/www.gasthaus-hofbauer.at\/?page_id=8\">IMPRESSUM &amp; DATENSCHUTZ<\/a><\/strong><\/p>\n<p style=\"text-align: center;\"><strong><a href=\"mailto:heinrich.hofbauer1@aon.at\">heinrich.hofbauer1@aon.at<\/a><\/strong><\/p>\n<p>[\/vc_column_text][\/vc_column][\/vc_row][vc_row][vc_column][\/vc_column][\/vc_row]<\/p>\n","protected":false},"excerpt":{"rendered":"<p>[vc_row][vc_column][vc_empty_space height=&#8220;30px&#8220;][pbr_title_heading title=&#8220;Zimmer &amp; Reservierung&#8220; style=&#8220;style-2&#8243;][vc_empty_space height=&#8220;30px&#8220;][vc_custom_heading text=&#8220;Unsere G\u00e4stezimmer im \u00dcberblick.&#8220; font_container=&#8220;tag:h2|text_align:center&#8220;][vc_column_text] Darunter finden Sie das Kontaktformular f\u00fcr Anfragen und Zimmerreservierungen. [\/vc_column_text][vc_column_text] Bitte beachten Sie, dass wir ab 01.10.2021 G\u00e4sten, &hellip; <a href=\"https:\/\/www.gasthaus-hofbauer.at\/?page_id=5\" class=\"more-link\">Continue reading <span class=\"screen-reader-text\">Zimmer &#038; Reservierung<\/span> <span class=\"meta-nav\">&rarr;<\/span><\/a><\/p>\n","protected":false},"author":1,"featured_media":0,"parent":0,"menu_order":0,"comment_status":"closed","ping_status":"closed","template":"","meta":{"footnotes":""},"class_list":["post-5","page","type-page","status-publish","hentry"],"_links":{"self":[{"href":"https:\/\/www.gasthaus-hofbauer.at\/index.php?rest_route=\/wp\/v2\/pages\/5"}],"collection":[{"href":"https:\/\/www.gasthaus-hofbauer.at\/index.php?rest_route=\/wp\/v2\/pages"}],"about":[{"href":"https:\/\/www.gasthaus-hofbauer.at\/index.php?rest_route=\/wp\/v2\/types\/page"}],"author":[{"embeddable":true,"href":"https:\/\/www.gasthaus-hofbauer.at\/index.php?rest_route=\/wp\/v2\/users\/1"}],"replies":[{"embeddable":true,"href":"https:\/\/www.gasthaus-hofbauer.at\/index.php?rest_route=%2Fwp%2Fv2%2Fcomments&post=5"}],"version-history":[{"count":61,"href":"https:\/\/www.gasthaus-hofbauer.at\/index.php?rest_route=\/wp\/v2\/pages\/5\/revisions"}],"predecessor-version":[{"id":10935,"href":"https:\/\/www.gasthaus-hofbauer.at\/index.php?rest_route=\/wp\/v2\/pages\/5\/revisions\/10935"}],"wp:attachment":[{"href":"https:\/\/www.gasthaus-hofbauer.at\/index.php?rest_route=%2Fwp%2Fv2%2Fmedia&parent=5"}],"curies":[{"name":"wp","href":"https:\/\/api.w.org\/{rel}","templated":true}]}}