{"id":8,"date":"2016-11-20T12:26:29","date_gmt":"2016-11-20T12:26:29","guid":{"rendered":"http:\/\/www.gasthaus-hofbauer.at\/?page_id=8"},"modified":"2018-06-16T10:58:10","modified_gmt":"2018-06-16T10:58:10","slug":"opal-hotel-term-condition","status":"publish","type":"page","link":"https:\/\/www.gasthaus-hofbauer.at\/?page_id=8","title":{"rendered":"IMPRESSUM"},"content":{"rendered":"<h1 style=\"text-align: center;\"><strong>IMPRESSUM &amp; DATENSCHUTZ<\/strong><\/h1>\n<p>&nbsp;<\/p>\n<p style=\"text-align: center;\">Gasthaus HOFBAUER<\/p>\n<p style=\"text-align: center;\">Inhaber: Heinrich Hofbauer<br \/>\nSt. Radegund 4<br \/>\n5121 St. Radegund \/ O\u00d6<br \/>\n\u00d6sterreich<\/p>\n<p style=\"text-align: center;\" align=\"LEFT\">Tel.: +43 (0) 6278 \/ 8172<br \/>\nFax: +43 (0) 6278 \/ 8172<\/p>\n<p style=\"text-align: center;\" align=\"LEFT\">Mail: \u00a0<strong><a href=\"mailto:heinrich.hofbauer1@aon.at\">heinrich.hofbauer1@aon.at<\/a><\/strong><\/p>\n<p style=\"text-align: center;\">UID-Nummer:<br \/>\nATU21710708<a href=\"mailto:office@entenwirt.at\"><br \/>\n<\/a><\/p>\n<p style=\"text-align: center;\">Bildnachweis:\u00a0Werbeagentur Frei Media, lizensierte Bilder von shutterstock.com, diverse freigegebene Bilder von Partnern<\/p>\n<p style=\"text-align: center;\">site created by:<br \/>\n<a href=\"http:\/\/www.frei-media.com\"><em>www.frei-media.com<\/em><\/a><\/p>\n<p style=\"text-align: center;\">\n<p style=\"text-align: center;\"><strong>Datenschutzerkl\u00e4rung:<\/strong><br \/>\nDer Schutz Ihrer personenbezogenen Daten bei der Erhebung, Verarbeitung und Nutzung anl\u00e4sslich Ihres Besuchs auf dieser Website ist uns ein wichtiges Anliegen. Ihre Daten werden im Rahmen der gesetzlichen Vorschriften gesch\u00fctzt. Nachfolgend finden Sie Informationen, welche Daten w\u00e4hrend Ihres Besuchs auf der Homepage erfasst und wie diese genutzt werden:<br \/>\n1. Erhebung und Verarbeitung von Daten<br \/>\nJeder Zugriff auf diese Website und jeder Abruf einer auf dieser Website hinterlegten Datei werden in einer Logdatei protokolliert. Die Speicherung dient in erster Linie statistischen Zwecken sowie zur Aufrechterhaltung der Funktionalit\u00e4t. Aufgezeichnet werden folgende Informationen:<br \/>\nName der abgerufenen Datei<br \/>\nBrowsertyp\/ -version<br \/>\nverwendetes Betriebssystem<br \/>\nReferrer URL (die zuvor besuchte Seite)<br \/>\nSuchbegriffe (bei Weiterleitung von einer Suchmaschine)<br \/>\nHostname des zugreifenden Rechners (IP Adresse)<br \/>\n\u00dcbertragene Datenmenge (Transfervolumen)<br \/>\nDiese Daten erlauben keine direkten R\u00fcckschl\u00fcsse auf Ihre tats\u00e4chliche Person und Identit\u00e4t. Daher geh\u00f6ren diese Daten nicht zu den personenbezogenen Daten. Diese Daten werden im Anschluss an eine statistische Auswertung gel\u00f6scht, sofern diese nicht zur Aufrechterhaltung der Funktionalit\u00e4t dieser Website erforderlich sind.<br \/>\nWeitergehende und\/oder personenbezogene Daten werden nur erfasst, wenn Sie diese Angaben freiwillig im Rahmen eines Gastkommentares, einer Registrierung oder im Zuge einer durch Sie veranlassten pers\u00f6nlichen Kontaktaufnahme machen. Sofern Sie im Rahmen eines Gastkommentares freiwillig eine Emailadresse hinterlassen, bitte ich Sie, keine Falschangaben zu machen oder eine dritte Person zu kompromittieren oder deren Identit\u00e4t vorzut\u00e4uschen.<br \/>\n2. Nutzung und Weitergabe personenbezogener Daten<br \/>\nSoweit Sie mir personenbezogene Daten zur Verf\u00fcgung gestellt haben, verwende ich diese nur zur Beantwortung Ihrer Anfragen und f\u00fcr die technische Administration.<br \/>\nIhre personenbezogenen Daten werden an Dritte nur weitergegeben oder sonst \u00fcbermittelt, wenn dies zum Zwecke einer Vertragsabwicklung mit Ihrer Zustimmung erfolgt, zur Gew\u00e4hrleistung der Funktionalit\u00e4t diese Website notwendig ist oder im Rahmen einer Anordnung einer im Sinne des Gesetzes berechtigten Stelle erforderlich wird.<br \/>\nSie haben das Recht, eine erteilte Einwilligung mit Wirkung f\u00fcr die Zukunft jederzeit schriftlich zu widerrufen. Die L\u00f6schung der gespeicherten personenbezogenen Daten erfolgt, wenn Sie Ihre Einwilligung zur Speicherung widerrufen, wenn ihre Kenntnis zur Erf\u00fcllung des mit der Speicherung verfolgten Zwecks nicht mehr erforderlich ist oder wenn ihre Speicherung aus sonstigen gesetzlichen Gr\u00fcnden unzul\u00e4ssig ist oder wird.<br \/>\n3. Auskunftsrecht<br \/>\nAuf schriftliche Anfrage werde ich Sie gern \u00fcber die zu Ihrer Person gespeicherten Daten informieren.<br \/>\n4. L\u00f6schungsvorbehalt<br \/>\nIch behalte mir vor, zur Aufrechterhaltung der Funktionalit\u00e4t oder zur Wahrung der von mir f\u00fcr diese Website vorgesehenen Intention oder im Falle von anzunehmenden oder bereits eingetretenen Verst\u00f6\u00dfen gegen Sitte, Moral oder geltendes Recht Daten &#8211; dazu geh\u00f6ren insbesondere Gastkommentare oder ver\u00f6ffentlichte Artikel &#8211; ohne R\u00fcckfrage und nach eigenem Ermessen zu l\u00f6schen.<br \/>\n5. Sicherheitshinweis<br \/>\nIhre personenbezogenen Daten werden durch Ergreifung aller zur Verf\u00fcgung stehenden technischen und organisatorischen Mittel m\u00f6glichst so gespeichert, dass sie f\u00fcr Dritte nicht zug\u00e4nglich sind. Bei der Kommunikation per Email kann die vollst\u00e4ndige Datensicherheit nicht gew\u00e4hrleistet werden, so dass f\u00fcr vertrauliche Informationen der Postweg empfohlen wird.<\/p>\n<p><strong>Erg\u00e4nzung\u00a0<\/strong><strong>Datenschutzerkl\u00e4rung ab 25.05.2018 nach WKO Vorlage (<\/strong><b>https:\/\/www.wko.at\/service\/wirtschaftsrecht-gewerberecht\/muster-informationspflichten-website-datenschutzerklaerung.html):<\/b><\/p>\n<p style=\"text-align: center;\">\n<p style=\"text-align: center;\">Der Schutz Ihrer pers\u00f6nlichen Daten ist uns ein besonderes Anliegen. Wir verarbeiten Ihre Daten daher ausschlie\u00dflich auf Grundlage der gesetzlichen Bestimmungen (DSGVO, TKG 2003). In diesen Datenschutzinformationen informieren wir Sie \u00fcber die wichtigsten Aspekte der Datenverarbeitung im Rahmen unserer Website.<\/p>\n<p style=\"text-align: center;\">\n<p style=\"text-align: center;\"><b>Kontakt mit uns<\/b><\/p>\n<p style=\"text-align: center;\">Wenn Sie per Formular auf der Website oder per E-Mail Kontakt mit uns aufnehmen, werden Ihre angegebenen Daten zwecks Bearbeitung der Anfrage und f\u00fcr den Fall von Anschlussfragen sechs Monate bei uns gespeichert. Diese Daten geben wir nicht ohne Ihre Einwilligung weiter.<\/p>\n<p style=\"text-align: center;\">\n<p style=\"text-align: center;\"><b>Cookies<\/b><\/p>\n<p style=\"text-align: center;\">Unsere Website verwendet so genannte Cookies. Dabei handelt es sich um kleine Textdateien, die mit Hilfe des Browsers auf Ihrem Endger\u00e4t abgelegt werden. Sie richten keinen Schaden an.<\/p>\n<p style=\"text-align: center;\">Wir nutzen Cookies dazu, unser Angebot nutzerfreundlich zu gestalten. Einige Cookies bleiben auf Ihrem Endger\u00e4t gespeichert, bis Sie diese l\u00f6schen. Sie erm\u00f6glichen es uns, Ihren Browser beim n\u00e4chsten Besuch wiederzuerkennen.<\/p>\n<p style=\"text-align: center;\">Wenn Sie dies nicht w\u00fcnschen, so k\u00f6nnen Sie Ihren Browser so einrichten, dass er Sie \u00fcber das Setzen von Cookies informiert und Sie dies nur im Einzelfall erlauben.<\/p>\n<p style=\"text-align: center;\">Bei der Deaktivierung von Cookies kann die Funktionalit\u00e4t unserer Website eingeschr\u00e4nkt sein.<\/p>\n<p style=\"text-align: center;\">\n<p style=\"text-align: center;\"><b>Web-Analyse<\/b><\/p>\n<p style=\"text-align: center;\">Unsere Website verwendet Funktionen des Webanalysedienstes\u00a0<b>Google Ireland Ltd. in Dublin<\/b>. Dazu werden Cookies verwendet, die eine Analyse der Benutzung der Website durch Ihre Benutzer erm\u00f6glicht. Die dadurch erzeugten Informationen werden auf den Server des Anbieters \u00fcbertragen und dort gespeichert. Sie k\u00f6nnen dies verhindern, indem Sie Ihren Browser so einrichten, dass keine Cookies gespeichert werden. Wir haben mit dem Anbieter einen entsprechenden Vertrag zur Auftragsdatenverarbeitung abgeschlossen.<\/p>\n<p style=\"text-align: center;\">{Nutzung von IP-Adressen auf Basis der Rechtsgrundlage \u201eberechtigtes Interesse\u201c; in diesem Fall wird eine Pseudonymisierung empfohlen:} Ihre IP-Adresse wird erfasst, aber umgehend [zB durch L\u00f6schung der letzten 8 Bit] pseudonymisiert. Dadurch ist nur mehr eine grobe Lokalisierung m\u00f6glich.<\/p>\n<p style=\"text-align: center;\">\n<p style=\"text-align: center;\"><b>Ihre Rechte<\/b><\/p>\n<p style=\"text-align: center;\">Ihnen stehen grunds\u00e4tzlich die Rechte auf Auskunft, Berichtigung, L\u00f6schung, Einschr\u00e4nkung, Daten\u00fcbertragbarkeit, Widerruf und Widerspruch zu. Wenn Sie glauben, dass die Verarbeitung Ihrer Daten gegen das Datenschutzrecht verst\u00f6\u00dft oder Ihre datenschutzrechtlichen Anspr\u00fcche sonst in einer Weise verletzt worden sind, k\u00f6nnen Sie sich bei der Aufsichtsbeh\u00f6rde beschweren. In \u00d6sterreich ist dies die Datenschutzbeh\u00f6rde.<br \/>\n<b>Stand: Mai 2018<\/b><\/p>\n","protected":false},"excerpt":{"rendered":"<p>IMPRESSUM &amp; DATENSCHUTZ &nbsp; Gasthaus HOFBAUER Inhaber: Heinrich Hofbauer St. Radegund 4 5121 St. Radegund \/ O\u00d6 \u00d6sterreich Tel.: +43 (0) 6278 \/ 8172 Fax: +43 (0) 6278 \/ 8172 &hellip; <a href=\"https:\/\/www.gasthaus-hofbauer.at\/?page_id=8\" class=\"more-link\">Continue reading <span class=\"screen-reader-text\">IMPRESSUM<\/span> <span class=\"meta-nav\">&rarr;<\/span><\/a><\/p>\n","protected":false},"author":1,"featured_media":0,"parent":0,"menu_order":0,"comment_status":"closed","ping_status":"closed","template":"","meta":{"footnotes":""},"class_list":["post-8","page","type-page","status-publish","hentry"],"_links":{"self":[{"href":"https:\/\/www.gasthaus-hofbauer.at\/index.php?rest_route=\/wp\/v2\/pages\/8"}],"collection":[{"href":"https:\/\/www.gasthaus-hofbauer.at\/index.php?rest_route=\/wp\/v2\/pages"}],"about":[{"href":"https:\/\/www.gasthaus-hofbauer.at\/index.php?rest_route=\/wp\/v2\/types\/page"}],"author":[{"embeddable":true,"href":"https:\/\/www.gasthaus-hofbauer.at\/index.php?rest_route=\/wp\/v2\/users\/1"}],"replies":[{"embeddable":true,"href":"https:\/\/www.gasthaus-hofbauer.at\/index.php?rest_route=%2Fwp%2Fv2%2Fcomments&post=8"}],"version-history":[{"count":13,"href":"https:\/\/www.gasthaus-hofbauer.at\/index.php?rest_route=\/wp\/v2\/pages\/8\/revisions"}],"predecessor-version":[{"id":10869,"href":"https:\/\/www.gasthaus-hofbauer.at\/index.php?rest_route=\/wp\/v2\/pages\/8\/revisions\/10869"}],"wp:attachment":[{"href":"https:\/\/www.gasthaus-hofbauer.at\/index.php?rest_route=%2Fwp%2Fv2%2Fmedia&parent=8"}],"curies":[{"name":"wp","href":"https:\/\/api.w.org\/{rel}","templated":true}]}}